{"id":4369,"date":"2023-11-29T10:41:54","date_gmt":"2023-11-29T16:41:54","guid":{"rendered":"https:\/\/projectvida.org\/?page_id=4369"},"modified":"2024-03-08T10:49:20","modified_gmt":"2024-03-08T16:49:20","slug":"prf","status":"publish","type":"page","link":"https:\/\/projectvida.org\/es\/prevention\/prf\/","title":{"rendered":"Formulario de Solicitud de Prevenci\u00f3n"},"content":{"rendered":"<div data-elementor-type=\"wp-page\" data-elementor-id=\"4369\" class=\"elementor elementor-4369\" data-elementor-post-type=\"page\">\n\t\t\t\t\t\t<section class=\"elementor-section elementor-top-section elementor-element elementor-element-eefb373 elementor-section-height-min-height elementor-section-boxed elementor-section-height-default elementor-section-items-middle\" data-id=\"eefb373\" data-element_type=\"section\" data-e-type=\"section\" data-settings=\"{&quot;background_background&quot;:&quot;classic&quot;}\">\n\t\t\t\t\t\t\t<div class=\"elementor-background-overlay\"><\/div>\n\t\t\t\t\t\t\t<div class=\"elementor-container elementor-column-gap-default\">\n\t\t\t\t\t<div class=\"elementor-column elementor-col-100 elementor-top-column elementor-element elementor-element-264030c\" data-id=\"264030c\" data-element_type=\"column\" data-e-type=\"column\">\n\t\t\t<div class=\"elementor-widget-wrap elementor-element-populated\">\n\t\t\t\t\t\t<div class=\"elementor-element elementor-element-1a246ec elementor-widget elementor-widget-heading\" data-id=\"1a246ec\" data-element_type=\"widget\" data-e-type=\"widget\" data-widget_type=\"heading.default\">\n\t\t\t\t<div class=\"elementor-widget-container\">\n\t\t\t\t\t<h2 class=\"elementor-heading-title elementor-size-default\">Formulario de Solicitud de Prevenci\u00f3n<\/h2>\t\t\t\t<\/div>\n\t\t\t\t<\/div>\n\t\t\t\t\t<\/div>\n\t\t<\/div>\n\t\t\t\t\t<\/div>\n\t\t<\/section>\n\t\t\t\t<section class=\"elementor-section elementor-top-section elementor-element elementor-element-949c389 elementor-section-height-min-height elementor-section-boxed elementor-section-height-default elementor-section-items-middle\" data-id=\"949c389\" data-element_type=\"section\" data-e-type=\"section\">\n\t\t\t\t\t\t<div class=\"elementor-container elementor-column-gap-default\">\n\t\t\t\t\t<div class=\"elementor-column elementor-col-100 elementor-top-column elementor-element elementor-element-8bd9793\" data-id=\"8bd9793\" data-element_type=\"column\" data-e-type=\"column\">\n\t\t\t<div class=\"elementor-widget-wrap elementor-element-populated\">\n\t\t\t\t\t\t<div class=\"elementor-element elementor-element-17eeb36 elementor-widget elementor-widget-text-editor\" data-id=\"17eeb36\" data-element_type=\"widget\" data-e-type=\"widget\" data-widget_type=\"text-editor.default\">\n\t\t\t\t<div class=\"elementor-widget-container\">\n\t\t\t\t\t\t\t\t\t<h4>Solicite la participaci\u00f3n de PV en su pr\u00f3ximo evento:<\/h4><p>Trabajamos con organizaciones locales en eventos comunitarios y ferias de salud como parte de nuestro compromiso de asociarnos para mejorar la salud y el bienestar de la comunidad. Nuestro enfoque est\u00e1 en la participaci\u00f3n dentro del \u00c1rea de Servicio Metropolitana de Chicago y los suburbios circundantes. Para solicitar la participaci\u00f3n de PV en el evento de su organizaci\u00f3n, utilice este formulario. <br \/>Para obtener m\u00e1s informaci\u00f3n, ll\u00e1menos al 773-277-2291.<\/p><p>Pautas para solicitar la participaci\u00f3n de Proyecto Vida en su evento:<\/p><ul><li>Este formulario debe completarse para todos los eventos comunitarios.<\/li><li>Las solicitudes deben realizarse al menos cuatro (4) semanas antes del evento.<\/li><li>La participaci\u00f3n de PV Health se basa en la disponibilidad del personal\/voluntarios. <em>La asistencia al PV no est\u00e1 garantizada.<\/em><\/li><li>Espere hasta cinco (5) d\u00edas h\u00e1biles para recibir una respuesta. Cuando se haya tomado una decisi\u00f3n, un representante de PV se comunicar\u00e1 con usted para acordar los detalles.<\/li><\/ul>\t\t\t\t\t\t\t\t<\/div>\n\t\t\t\t<\/div>\n\t\t\t\t\t<\/div>\n\t\t<\/div>\n\t\t\t\t\t<\/div>\n\t\t<\/section>\n\t\t\t\t<section class=\"elementor-section elementor-top-section elementor-element elementor-element-4c34a91 elementor-section-boxed elementor-section-height-default elementor-section-height-default\" data-id=\"4c34a91\" data-element_type=\"section\" data-e-type=\"section\">\n\t\t\t\t\t\t<div class=\"elementor-container elementor-column-gap-default\">\n\t\t\t\t\t<div class=\"elementor-column elementor-col-100 elementor-top-column elementor-element elementor-element-d4dac30\" data-id=\"d4dac30\" data-element_type=\"column\" data-e-type=\"column\">\n\t\t\t<div class=\"elementor-widget-wrap\">\n\t\t\t\t\t\t\t<\/div>\n\t\t<\/div>\n\t\t\t\t\t<\/div>\n\t\t<\/section>\n\t\t\t\t<section class=\"elementor-section elementor-top-section elementor-element elementor-element-ae5f6e6 elementor-section-boxed elementor-section-height-default elementor-section-height-default\" data-id=\"ae5f6e6\" data-element_type=\"section\" data-e-type=\"section\">\n\t\t\t\t\t\t<div class=\"elementor-container elementor-column-gap-default\">\n\t\t\t\t\t<div class=\"elementor-column elementor-col-100 elementor-top-column elementor-element elementor-element-14567e4\" data-id=\"14567e4\" data-element_type=\"column\" data-e-type=\"column\">\n\t\t\t<div class=\"elementor-widget-wrap elementor-element-populated\">\n\t\t\t\t\t\t<div class=\"elementor-element elementor-element-33298d1 elementor-widget elementor-widget-heading\" data-id=\"33298d1\" data-element_type=\"widget\" data-e-type=\"widget\" data-widget_type=\"heading.default\">\n\t\t\t\t<div class=\"elementor-widget-container\">\n\t\t\t\t\t<h4 class=\"elementor-heading-title elementor-size-default\">Project VIDA se enorgullece de servir a todos, sin importar su origen.<\/h4>\t\t\t\t<\/div>\n\t\t\t\t<\/div>\n\t\t\t\t<div class=\"elementor-element elementor-element-9707136 elementor-widget elementor-widget-text-editor\" data-id=\"9707136\" data-element_type=\"widget\" data-e-type=\"widget\" data-widget_type=\"text-editor.default\">\n\t\t\t\t<div class=\"elementor-widget-container\">\n\t\t\t\t\t\t\t\t\t<p>Project VIDA es un refugio seguro para los miembros de la comunidad LGBTQ+,quienes pueden enfrentar desaf\u00edos para encontrar apoyo y recursos. Nos especializamos en servicios para personas afectadas o en riesgo de VIH\/SIDA. Con un profundo compromiso de liderar con amor y compasi\u00f3n, nos aseguramos de que los miembros de la comunidad reciban la asistencia que necesitan, incluso durante los momentos m\u00e1s dif\u00edciles.<\/p>\t\t\t\t\t\t\t\t<\/div>\n\t\t\t\t<\/div>\n\t\t\t\t\t<\/div>\n\t\t<\/div>\n\t\t\t\t\t<\/div>\n\t\t<\/section>\n\t\t\t\t<\/div>","protected":false},"excerpt":{"rendered":"<p>Prevention Request Form Request PV&#8217;s Participation at Your Next Event: We work with local organizations on community events and health fairs as part of our commitment to partner to improve [&hellip;]<\/p>\n","protected":false},"author":3,"featured_media":0,"parent":459,"menu_order":0,"comment_status":"closed","ping_status":"closed","template":"","meta":{"site-sidebar-layout":"no-sidebar","site-content-layout":"page-builder","ast-site-content-layout":"full-width-container","site-content-style":"default","site-sidebar-style":"default","ast-global-header-display":"","ast-banner-title-visibility":"","ast-main-header-display":"","ast-hfb-above-header-display":"","ast-hfb-below-header-display":"","ast-hfb-mobile-header-display":"","site-post-title":"disabled","ast-breadcrumbs-content":"","ast-featured-img":"disabled","footer-sml-layout":"","ast-disable-related-posts":"","theme-transparent-header-meta":"","adv-header-id-meta":"","stick-header-meta":"","header-above-stick-meta":"","header-main-stick-meta":"","header-below-stick-meta":"","astra-migrate-meta-layouts":"set","ast-page-background-enabled":"default","ast-page-background-meta":{"desktop":{"background-color":"","background-image":"","background-repeat":"repeat","background-position":"center center","background-size":"auto","background-attachment":"scroll","background-type":"","background-media":"","overlay-type":"","overlay-color":"","overlay-opacity":"","overlay-gradient":""},"tablet":{"background-color":"","background-image":"","background-repeat":"repeat","background-position":"center center","background-size":"auto","background-attachment":"scroll","background-type":"","background-media":"","overlay-type":"","overlay-color":"","overlay-opacity":"","overlay-gradient":""},"mobile":{"background-color":"","background-image":"","background-repeat":"repeat","background-position":"center center","background-size":"auto","background-attachment":"scroll","background-type":"","background-media":"","overlay-type":"","overlay-color":"","overlay-opacity":"","overlay-gradient":""}},"ast-content-background-meta":{"desktop":{"background-color":"var(--ast-global-color-5)","background-image":"","background-repeat":"repeat","background-position":"center center","background-size":"auto","background-attachment":"scroll","background-type":"","background-media":"","overlay-type":"","overlay-color":"","overlay-opacity":"","overlay-gradient":""},"tablet":{"background-color":"var(--ast-global-color-5)","background-image":"","background-repeat":"repeat","background-position":"center center","background-size":"auto","background-attachment":"scroll","background-type":"","background-media":"","overlay-type":"","overlay-color":"","overlay-opacity":"","overlay-gradient":""},"mobile":{"background-color":"var(--ast-global-color-5)","background-image":"","background-repeat":"repeat","background-position":"center center","background-size":"auto","background-attachment":"scroll","background-type":"","background-media":"","overlay-type":"","overlay-color":"","overlay-opacity":"","overlay-gradient":""}},"footnotes":""},"class_list":["post-4369","page","type-page","status-publish","hentry"],"_links":{"self":[{"href":"https:\/\/projectvida.org\/es\/wp-json\/wp\/v2\/pages\/4369","targetHints":{"allow":["GET"]}}],"collection":[{"href":"https:\/\/projectvida.org\/es\/wp-json\/wp\/v2\/pages"}],"about":[{"href":"https:\/\/projectvida.org\/es\/wp-json\/wp\/v2\/types\/page"}],"author":[{"embeddable":true,"href":"https:\/\/projectvida.org\/es\/wp-json\/wp\/v2\/users\/3"}],"replies":[{"embeddable":true,"href":"https:\/\/projectvida.org\/es\/wp-json\/wp\/v2\/comments?post=4369"}],"version-history":[{"count":41,"href":"https:\/\/projectvida.org\/es\/wp-json\/wp\/v2\/pages\/4369\/revisions"}],"predecessor-version":[{"id":5010,"href":"https:\/\/projectvida.org\/es\/wp-json\/wp\/v2\/pages\/4369\/revisions\/5010"}],"up":[{"embeddable":true,"href":"https:\/\/projectvida.org\/es\/wp-json\/wp\/v2\/pages\/459"}],"wp:attachment":[{"href":"https:\/\/projectvida.org\/es\/wp-json\/wp\/v2\/media?parent=4369"}],"curies":[{"name":"gracias","href":"https:\/\/api.w.org\/{rel}","templated":true}]}}