{"id":8322,"date":"2024-10-25T01:54:25","date_gmt":"2024-10-25T06:54:25","guid":{"rendered":"https:\/\/projectvida.org\/?page_id=8322"},"modified":"2025-01-08T11:56:34","modified_gmt":"2025-01-08T17:56:34","slug":"announcement","status":"publish","type":"page","link":"https:\/\/projectvida.org\/es\/announcement\/","title":{"rendered":"Anuncio"},"content":{"rendered":"<div data-elementor-type=\"wp-page\" data-elementor-id=\"8322\" class=\"elementor elementor-8322\" data-elementor-post-type=\"page\">\n\t\t\t\t\t\t<section class=\"elementor-section elementor-top-section elementor-element elementor-element-866bf76 elementor-section-boxed elementor-section-height-default elementor-section-height-default\" data-id=\"866bf76\" data-element_type=\"section\" data-e-type=\"section\">\n\t\t\t\t\t\t<div class=\"elementor-container elementor-column-gap-default\">\n\t\t\t\t\t<div class=\"elementor-column elementor-col-100 elementor-top-column elementor-element elementor-element-169b3e8\" data-id=\"169b3e8\" data-element_type=\"column\" data-e-type=\"column\">\n\t\t\t<div class=\"elementor-widget-wrap elementor-element-populated\">\n\t\t\t\t\t\t<div class=\"elementor-element elementor-element-41989cf elementor-widget elementor-widget-heading\" data-id=\"41989cf\" data-element_type=\"widget\" data-e-type=\"widget\" data-widget_type=\"heading.default\">\n\t\t\t\t<div class=\"elementor-widget-container\">\n\t\t\t\t\t<h2 class=\"elementor-heading-title elementor-size-default\">Actualizaci\u00f3n importante del Proyecto Vida<\/h2>\t\t\t\t<\/div>\n\t\t\t\t<\/div>\n\t\t\t\t\t<\/div>\n\t\t<\/div>\n\t\t\t\t\t<\/div>\n\t\t<\/section>\n\t\t\t\t<section class=\"elementor-section elementor-top-section elementor-element elementor-element-ee2d111 elementor-section-boxed elementor-section-height-default elementor-section-height-default\" data-id=\"ee2d111\" data-element_type=\"section\" data-e-type=\"section\">\n\t\t\t\t\t\t<div class=\"elementor-container elementor-column-gap-default\">\n\t\t\t\t\t<div class=\"elementor-column elementor-col-50 elementor-top-column elementor-element elementor-element-a158091\" data-id=\"a158091\" data-element_type=\"column\" data-e-type=\"column\">\n\t\t\t<div class=\"elementor-widget-wrap elementor-element-populated\">\n\t\t\t\t\t\t<div class=\"elementor-element elementor-element-07cdf4c elementor-widget elementor-widget-text-editor\" data-id=\"07cdf4c\" data-element_type=\"widget\" data-e-type=\"widget\" data-widget_type=\"text-editor.default\">\n\t\t\t\t<div class=\"elementor-widget-container\">\n\t\t\t\t\t\t\t\t\t<p style=\"font-size: 17px; font-style: normal; font-weight: 400;\">Estimados miembros de la comunidad del Proyecto Vida:\u00a0<\/p><p style=\"font-size: 17px; font-style: normal; font-weight: 400;\">Como ya saben, Project Vida siempre ha estado comprometido con empoderar y apoyar a nuestra comunidad. Hoy, nos comunicamos con ustedes para compartirles algunas noticias importantes.<\/p><p style=\"font-size: 17px; font-style: normal; font-weight: 400;\">Debido a dificultades financieras, hemos tomado la dif\u00edcil decisi\u00f3n de reducir nuestro personal. No fue una decisi\u00f3n f\u00e1cil y agradecemos profundamente el trabajo duro y la dedicaci\u00f3n de todos los miembros de nuestro equipo que han contribuido a nuestra misi\u00f3n. Sus esfuerzos han dado forma a nuestra organizaci\u00f3n y nos han ayudado a tener un impacto positivo en innumerables vidas.<\/p><p style=\"font-size: 17px; font-style: normal; font-weight: 400;\">A medida que avanzamos, nos centraremos en nuestras principales fortalezas: garantizar que sigamos brindando los mismos servicios de alta calidad que definen a Project Vida. Si bien esta transici\u00f3n trae desaf\u00edos, tambi\u00e9n brinda una oportunidad de crecimiento y un enfoque renovado en nuestra misi\u00f3n.<\/p><p style=\"font-size: 17px; font-style: normal; font-weight: 400;\">Gracias por su continuo apoyo y comprensi\u00f3n durante este tiempo. Juntos, superaremos estos cambios y seguiremos construyendo una comunidad m\u00e1s fuerte y resiliente.<\/p><p style=\"font-size: 17px; font-style: normal; font-weight: 400;\"><span style=\"background-color: var(--ast-global-color-4);\">Atentamente<\/span>,<\/p><p style=\"font-size: 17px; font-style: normal; font-weight: 400;\">Jerome Montgomery\u00a0<br \/><span style=\"font-weight: inherit; background-color: var(--ast-global-color-4); color: var(--ast-global-color-3);\"><i>Director Ejecutivo, Proyecto Vida<\/i><\/span><\/p>\t\t\t\t\t\t\t\t<\/div>\n\t\t\t\t<\/div>\n\t\t\t\t\t<\/div>\n\t\t<\/div>\n\t\t\t\t<div class=\"elementor-column elementor-col-50 elementor-top-column elementor-element elementor-element-c20204e\" data-id=\"c20204e\" data-element_type=\"column\" data-e-type=\"column\">\n\t\t\t<div class=\"elementor-widget-wrap elementor-element-populated\">\n\t\t\t\t\t\t<div class=\"elementor-element elementor-element-7d847b5 elementor-widget elementor-widget-text-editor\" data-id=\"7d847b5\" data-element_type=\"widget\" data-e-type=\"widget\" data-widget_type=\"text-editor.default\">\n\t\t\t\t<div class=\"elementor-widget-container\">\n\t\t\t\t\t\t\t\t\t<p style=\"font-size: 17px; font-style: normal; font-weight: 400;\">Estimados miembros de la comunidad de Proyecto Vida,<\/p>\n<p style=\"font-size: 17px; font-style: normal; font-weight: 400;\">Como saben, Proyecto Vida siempre ha estado comprometido a empoderar y apoyar a nuestra comunidad. Hoy nos dirigimos a ustedes para compartir una noticia importante.<\/p>\n<p style=\"font-size: 17px; font-style: normal; font-weight: 400;\">Debido a desaf\u00edos financieros, hemos tomado la dif\u00edcil decisi\u00f3n de reducir nuestro personal. No ha sido una decisi\u00f3n f\u00e1cil, y valoramos profundamente el arduo trabajo y la dedicaci\u00f3n de todos los miembros de nuestro equipo que han contribuido a nuestra misi\u00f3n. Sus esfuerzos han dado forma a nuestra organizaci\u00f3n y nos han ayudado a impactar positivamente innumerables vidas.<\/p>\n<p style=\"font-size: 17px; font-style: normal; font-weight: 400;\">A medida que avanzamos, nuestro enfoque estar\u00e1 en nuestras fortalezas fundamentales, asegur\u00e1ndonos de continuar brindando los mismos servicios de alta calidad que definen a Proyecto Vida. Aunque esta transici\u00f3n trae consigo desaf\u00edos, tambi\u00e9n nos brinda una oportunidad de crecimiento y de renovar nuestro enfoque en la misi\u00f3n.<\/p>\n<p style=\"font-size: 17px; font-style: normal; font-weight: 400;\">Gracias por su apoyo y comprensi\u00f3n durante este tiempo. Juntos navegaremos estos cambios y seguiremos construyendo una comunidad m\u00e1s fuerte y resiliente.<\/p>\n<p style=\"font-size: 17px; font-style: normal; font-weight: 400;\">Atentamente,<\/p><p style=\"font-size: 17px; font-weight: 400;\"><span style=\"background-color: var(--ast-global-color-4); color: var(--ast-global-color-3);\">Jerome Montgomery<br><\/span><i style=\"font-style: normal; background-color: var(--ast-global-color-4); color: var(--ast-global-color-3);\">Director Ejecutivo, Proyecto Vida<\/i><\/p>\t\t\t\t\t\t\t\t<\/div>\n\t\t\t\t<\/div>\n\t\t\t\t\t<\/div>\n\t\t<\/div>\n\t\t\t\t\t<\/div>\n\t\t<\/section>\n\t\t\t\t<section class=\"elementor-section elementor-top-section elementor-element elementor-element-830ec60 elementor-section-boxed elementor-section-height-default elementor-section-height-default\" data-id=\"830ec60\" data-element_type=\"section\" data-e-type=\"section\">\n\t\t\t\t\t\t<div class=\"elementor-container elementor-column-gap-default\">\n\t\t\t\t\t<div class=\"elementor-column elementor-col-100 elementor-top-column elementor-element elementor-element-4cca99c\" data-id=\"4cca99c\" data-element_type=\"column\" data-e-type=\"column\">\n\t\t\t<div class=\"elementor-widget-wrap elementor-element-populated\">\n\t\t\t\t\t\t<div class=\"elementor-element elementor-element-397fef7 elementor-widget elementor-widget-text-editor\" data-id=\"397fef7\" data-element_type=\"widget\" data-e-type=\"widget\" data-widget_type=\"text-editor.default\">\n\t\t\t\t<div class=\"elementor-widget-container\">\n\t\t\t\t\t\t\t\t\t<p style=\"text-align: center;\"><em>Publicado el 24\/10\/2024<\/em><\/p>\t\t\t\t\t\t\t\t<\/div>\n\t\t\t\t<\/div>\n\t\t\t\t\t<\/div>\n\t\t<\/div>\n\t\t\t\t\t<\/div>\n\t\t<\/section>\n\t\t\t\t<\/div>","protected":false},"excerpt":{"rendered":"<p>Important Update from Project Vida Dear Project Vida Community Members,\u00a0 As you know, Project Vida has always been committed to empowering and supporting our community. Today, we\u2019re reaching out to [&hellip;]<\/p>\n","protected":false},"author":7,"featured_media":0,"parent":0,"menu_order":0,"comment_status":"closed","ping_status":"closed","template":"","meta":{"site-sidebar-layout":"no-sidebar","site-content-layout":"page-builder","ast-site-content-layout":"full-width-container","site-content-style":"default","site-sidebar-style":"default","ast-global-header-display":"","ast-banner-title-visibility":"","ast-main-header-display":"","ast-hfb-above-header-display":"","ast-hfb-below-header-display":"","ast-hfb-mobile-header-display":"","site-post-title":"disabled","ast-breadcrumbs-content":"","ast-featured-img":"disabled","footer-sml-layout":"","ast-disable-related-posts":"","theme-transparent-header-meta":"","adv-header-id-meta":"","stick-header-meta":"","header-above-stick-meta":"","header-main-stick-meta":"","header-below-stick-meta":"","astra-migrate-meta-layouts":"set","ast-page-background-enabled":"default","ast-page-background-meta":{"desktop":{"background-color":"","background-image":"","background-repeat":"repeat","background-position":"center center","background-size":"auto","background-attachment":"scroll","background-type":"","background-media":"","overlay-type":"","overlay-color":"","overlay-opacity":"","overlay-gradient":""},"tablet":{"background-color":"","background-image":"","background-repeat":"repeat","background-position":"center center","background-size":"auto","background-attachment":"scroll","background-type":"","background-media":"","overlay-type":"","overlay-color":"","overlay-opacity":"","overlay-gradient":""},"mobile":{"background-color":"","background-image":"","background-repeat":"repeat","background-position":"center center","background-size":"auto","background-attachment":"scroll","background-type":"","background-media":"","overlay-type":"","overlay-color":"","overlay-opacity":"","overlay-gradient":""}},"ast-content-background-meta":{"desktop":{"background-color":"var(--ast-global-color-5)","background-image":"","background-repeat":"repeat","background-position":"center center","background-size":"auto","background-attachment":"scroll","background-type":"","background-media":"","overlay-type":"","overlay-color":"","overlay-opacity":"","overlay-gradient":""},"tablet":{"background-color":"var(--ast-global-color-5)","background-image":"","background-repeat":"repeat","background-position":"center center","background-size":"auto","background-attachment":"scroll","background-type":"","background-media":"","overlay-type":"","overlay-color":"","overlay-opacity":"","overlay-gradient":""},"mobile":{"background-color":"var(--ast-global-color-5)","background-image":"","background-repeat":"repeat","background-position":"center center","background-size":"auto","background-attachment":"scroll","background-type":"","background-media":"","overlay-type":"","overlay-color":"","overlay-opacity":"","overlay-gradient":""}},"footnotes":""},"class_list":["post-8322","page","type-page","status-publish","hentry"],"_links":{"self":[{"href":"https:\/\/projectvida.org\/es\/wp-json\/wp\/v2\/pages\/8322","targetHints":{"allow":["GET"]}}],"collection":[{"href":"https:\/\/projectvida.org\/es\/wp-json\/wp\/v2\/pages"}],"about":[{"href":"https:\/\/projectvida.org\/es\/wp-json\/wp\/v2\/types\/page"}],"author":[{"embeddable":true,"href":"https:\/\/projectvida.org\/es\/wp-json\/wp\/v2\/users\/7"}],"replies":[{"embeddable":true,"href":"https:\/\/projectvida.org\/es\/wp-json\/wp\/v2\/comments?post=8322"}],"version-history":[{"count":24,"href":"https:\/\/projectvida.org\/es\/wp-json\/wp\/v2\/pages\/8322\/revisions"}],"predecessor-version":[{"id":8376,"href":"https:\/\/projectvida.org\/es\/wp-json\/wp\/v2\/pages\/8322\/revisions\/8376"}],"wp:attachment":[{"href":"https:\/\/projectvida.org\/es\/wp-json\/wp\/v2\/media?parent=8322"}],"curies":[{"name":"gracias","href":"https:\/\/api.w.org\/{rel}","templated":true}]}}