{"id":8348,"date":"2024-12-23T18:20:16","date_gmt":"2024-12-24T00:20:16","guid":{"rendered":"https:\/\/projectvida.org\/?page_id=8348"},"modified":"2025-01-08T11:45:41","modified_gmt":"2025-01-08T17:45:41","slug":"community-letter","status":"publish","type":"page","link":"https:\/\/projectvida.org\/es\/community-letter\/","title":{"rendered":"Carta de la comunidad"},"content":{"rendered":"<div data-elementor-type=\"wp-page\" data-elementor-id=\"8348\" class=\"elementor elementor-8348\" data-elementor-post-type=\"page\">\n\t\t\t\t\t\t<section class=\"elementor-section elementor-top-section elementor-element elementor-element-75b8ec41 elementor-section-boxed elementor-section-height-default elementor-section-height-default\" data-id=\"75b8ec41\" data-element_type=\"section\" data-e-type=\"section\">\n\t\t\t\t\t\t<div class=\"elementor-container elementor-column-gap-default\">\n\t\t\t\t\t<div class=\"elementor-column elementor-col-100 elementor-top-column elementor-element elementor-element-20c13b0d\" data-id=\"20c13b0d\" data-element_type=\"column\" data-e-type=\"column\">\n\t\t\t<div class=\"elementor-widget-wrap elementor-element-populated\">\n\t\t\t\t\t\t<div class=\"elementor-element elementor-element-165f3420 elementor-widget elementor-widget-heading\" data-id=\"165f3420\" data-element_type=\"widget\" data-e-type=\"widget\" data-widget_type=\"heading.default\">\n\t\t\t\t<div class=\"elementor-widget-container\">\n\t\t\t\t\t<h2 class=\"elementor-heading-title elementor-size-default\">El camino a seguir del Proyecto Vida: reconstruir y renovar juntos<\/h2>\t\t\t\t<\/div>\n\t\t\t\t<\/div>\n\t\t\t\t\t<\/div>\n\t\t<\/div>\n\t\t\t\t\t<\/div>\n\t\t<\/section>\n\t\t\t\t<section class=\"elementor-section elementor-top-section elementor-element elementor-element-608f0689 elementor-section-boxed elementor-section-height-default elementor-section-height-default\" data-id=\"608f0689\" data-element_type=\"section\" data-e-type=\"section\">\n\t\t\t\t\t\t<div class=\"elementor-container elementor-column-gap-default\">\n\t\t\t\t\t<div class=\"elementor-column elementor-col-50 elementor-top-column elementor-element elementor-element-7751b545\" data-id=\"7751b545\" data-element_type=\"column\" data-e-type=\"column\">\n\t\t\t<div class=\"elementor-widget-wrap elementor-element-populated\">\n\t\t\t\t\t\t<div class=\"elementor-element elementor-element-6f165db9 elementor-widget elementor-widget-text-editor\" data-id=\"6f165db9\" data-element_type=\"widget\" data-e-type=\"widget\" data-widget_type=\"text-editor.default\">\n\t\t\t\t<div class=\"elementor-widget-container\">\n\t\t\t\t\t\t\t\t\t<p>Estimados miembros de la comunidad:\u00a0<\/p><p>Como Director Ejecutivo del Proyecto Vida, quiero compartir d\u00f3nde estamos como organizaci\u00f3n, los desaf\u00edos que hemos enfrentado y los emocionantes pasos que estamos tomando para reconstruir y fortalecer nuestro impacto.<\/p><p>Durante el a\u00f1o pasado, enfrentamos desaf\u00edos financieros importantes que nos obligaron a tomar decisiones dif\u00edciles, incluidos despidos de personal y la p\u00e9rdida temporal de funciones cr\u00edticas. Estos momentos nos pusieron a prueba, pero tambi\u00e9n nos recordaron la resiliencia y la dedicaci\u00f3n que definen nuestra misi\u00f3n.<\/p><p>Durante este tiempo, tambi\u00e9n hemos comenzado a transitar un nuevo e importante cap\u00edtulo: el inter\u00e9s del personal en sindicalizarse. Estamos trabajando activamente con asesores legales para que nos gu\u00eden a trav\u00e9s de este proceso con imparcialidad, transparencia y respeto por las voces de nuestro equipo. Reconocemos que este es un paso importante para dar forma a nuestro futuro y estamos comprometidos a fomentar la colaboraci\u00f3n y la confianza a lo largo de este proceso.<\/p><p>Como l\u00edder de esta organizaci\u00f3n, tengo la firme intenci\u00f3n de guiarnos a trav\u00e9s de este per\u00edodo de incertidumbre con integridad y compasi\u00f3n. Mantengo mi compromiso firme con el personal, nuestra comunidad y las personas a las que servimos.<\/p><p>No solo estamos sobreviviendo, sino que nos estamos reconstruyendo. Nuestro Consejo de Administraci\u00f3n est\u00e1 reclutando activamente nuevos miembros para fortalecer nuestra gobernanza y aportar nueva energ\u00eda a nuestra misi\u00f3n. Tambi\u00e9n estamos colaborando con consultores ejecutivos y expertos legales de reconocida trayectoria para desarrollar una estrategia integral de sostenibilidad y crecimiento.<\/p><p>Como parte de este proceso de reconstrucci\u00f3n, la Junta Directiva se compromete a escuchar directamente de usted, la comunidad a la que servimos. <b>Le invitamos a compartir sus comentarios enviando un correo electr\u00f3nico a la Junta a board@projectvida.org.<\/b> Adem\u00e1s, organizaremos una reuni\u00f3n p\u00fablica durante el primer trimestre de 2025 para obtener m\u00e1s aportes de la comunidad y analizar nuestros planes futuros. Pronto compartiremos detalles sobre la reuni\u00f3n p\u00fablica y esperamos verlo all\u00ed.<\/p><p>Este es un momento de reflexi\u00f3n, resiliencia y renovaci\u00f3n. Sin embargo, no podemos lograr el \u00e9xito sin ustedes. Humildemente les pido su continuo apoyo, gracia y comprensi\u00f3n mientras atravesamos juntos este proceso. Ya sea a trav\u00e9s de su tiempo, recursos o fe en nuestra misi\u00f3n, su colaboraci\u00f3n es esencial.<\/p><p>Seguimos profundamente agradecidos por la confianza que depositan en nosotros y por el papel fundamental que desempe\u00f1an en nuestra comunidad. Juntos, estamos construyendo un futuro m\u00e1s s\u00f3lido y equitativo para todos. No duden en comunicarse con nosotros para hacernos llegar sus comentarios o preguntas. Su voz es importante y estamos aqu\u00ed para escucharlos.<\/p><p>Gracias por estar con nosotros en este momento crucial. Con su apoyo, conf\u00edo en que saldremos de ah\u00ed m\u00e1s fuertes, m\u00e1s resilientes y mejor equipados para cumplir nuestra misi\u00f3n.<\/p><p>Atentamente,\u00a0<\/p><p><span style=\"font-style: inherit; font-weight: inherit; background-color: var(--ast-global-color-4); color: var(--ast-global-color-3);\">Jerome Montgomery\u00a0<br \/><\/span><span style=\"background-color: var(--ast-global-color-4); color: var(--ast-global-color-3); font-style: inherit; font-weight: inherit;\">Director Ejecutivo, Proyecto Vida<\/span><\/p><div>\u00a0<\/div>\t\t\t\t\t\t\t\t<\/div>\n\t\t\t\t<\/div>\n\t\t\t\t\t<\/div>\n\t\t<\/div>\n\t\t\t\t<div class=\"elementor-column elementor-col-50 elementor-top-column elementor-element elementor-element-60c91e2a\" data-id=\"60c91e2a\" data-element_type=\"column\" data-e-type=\"column\">\n\t\t\t<div class=\"elementor-widget-wrap elementor-element-populated\">\n\t\t\t\t\t\t<div class=\"elementor-element elementor-element-26a7772c elementor-widget elementor-widget-text-editor\" data-id=\"26a7772c\" data-element_type=\"widget\" data-e-type=\"widget\" data-widget_type=\"text-editor.default\">\n\t\t\t\t<div class=\"elementor-widget-container\">\n\t\t\t\t\t\t\t\t\t<p>Miembros de la Comunidad:<\/p><p><span style=\"font-style: inherit; font-weight: inherit; background-color: var(--ast-global-color-4); color: var(--ast-global-color-3);\">Como Director Ejecutivo de Project Vida, quiero compartir con ustedes nuestro estado actual como organizaci\u00f3n, los desaf\u00edos que hemos enfrentado y los emocionantes pasos que estamos tomando para reconstruir y fortalecer nuestro impacto.<\/span><\/p><p><span style=\"font-style: inherit; font-weight: inherit; background-color: var(--ast-global-color-4); color: var(--ast-global-color-3);\">Durante el \u00faltimo a\u00f1o, hemos enfrentado desaf\u00edos financieros significativos que nos obligaron a tomar decisiones dif\u00edciles, incluyendo despidos de personal y la p\u00e9rdida temporal de puestos cr\u00edticos. Estos momentos nos han puesto a prueba, pero tambi\u00e9n nos han recordado la fortaleza y la dedicaci\u00f3n que definen nuestra misi\u00f3n.<\/span><\/p><p><span style=\"font-style: inherit; font-weight: inherit; background-color: var(--ast-global-color-4); color: var(--ast-global-color-3);\">Durante este tiempo, tambi\u00e9n hemos comenzado a transitar un nuevo cap\u00edtulo: el inter\u00e9s de nuestro personal en la sindicalizaci\u00f3n. Estamos trabajando activamente con asesores legales para guiarnos en este proceso de manera justa, transparente y con respeto a las voces de nuestro equipo. Reconocemos que este es un paso importante que dar\u00e1 forma a nuestro futuro y estamos comprometidos a fomentar la colaboraci\u00f3n y la confianza durante este proceso.<\/span><\/p><p><span style=\"font-style: inherit; font-weight: inherit; background-color: var(--ast-global-color-4); color: var(--ast-global-color-3);\">Como l\u00edder de esta organizaci\u00f3n, mi intenci\u00f3n es guiarnos con integridad y compasi\u00f3n en este per\u00edodo de incertidumbre. Mantengo mi compromiso inquebrantable con el personal, la comunidad y las personas a las que servimos.<\/span><\/p><p><span style=\"font-style: inherit; font-weight: inherit; background-color: var(--ast-global-color-4); color: var(--ast-global-color-3);\">No solo estamos sobreviviendo; nos estamos reconstruyendo. Nuestra Junta Directiva est\u00e1 reclutando activamente a nuevos miembros para fortalecer nuestra gobernanza y aportar nueva energ\u00eda a nuestra misi\u00f3n. Tambi\u00e9n estamos colaborando con consultores ejecutivos y expertos legales con amplia experiencia para desarrollar una estrategia integral de sostenibilidad y crecimiento.<\/span><\/p><p><span style=\"font-style: inherit; font-weight: inherit; background-color: var(--ast-global-color-4); color: var(--ast-global-color-3);\">Como parte de este proceso de reconstrucci\u00f3n, la Junta Directiva se compromete a escuchar directamente a ustedes, la comunidad a la que servimos. <\/span><span style=\"font-style: inherit; background-color: var(--ast-global-color-4); color: var(--ast-global-color-3);\"><b>Les invitamos a compartir sus comentarios por correo electr\u00f3nico a la Junta en board@projectvida.org<\/b><\/span><span style=\"font-style: inherit; font-weight: inherit; background-color: var(--ast-global-color-4); color: var(--ast-global-color-3);\">. Adem\u00e1s, realizaremos un foro comunitario durante el primer trimestre de 2025 para recibir m\u00e1s aportes de la comunidad y hablar sobre nuestros planes futuros. Muy pronto compartiremos m\u00e1s detalles sobre este foro, y esperamos contar con su presencia.<\/span><\/p><p><span style=\"font-style: inherit; font-weight: inherit; background-color: var(--ast-global-color-4); color: var(--ast-global-color-3);\">Este es un momento de reflexi\u00f3n, resiliencia y renovaci\u00f3n. Sin embargo, no podemos lograr el \u00e9xito sin ustedes. Les pido humildemente su apoyo constante, su comprensi\u00f3n y su disposici\u00f3n mientras avanzamos juntos en este proceso. Ya sea a trav\u00e9s de su tiempo, recursos o la confianza en nuestra misi\u00f3n, su colaboraci\u00f3n es esencial.<\/span><\/p><p><span style=\"font-style: inherit; font-weight: inherit; background-color: var(--ast-global-color-4); color: var(--ast-global-color-3);\">Seguimos profundamente agradecidos por la confianza que depositan en nosotros y por el papel vital que desempe\u00f1an en nuestra comunidad. Juntos, estamos construyendo un futuro m\u00e1s s\u00f3lido y equitativo para todas las personas. Por favor, no duden en comunicarse con nosotros si tienen preguntas o comentarios. Su voz es importante y estamos aqu\u00ed para escucharlos.<\/span><\/p><p><span style=\"font-style: inherit; font-weight: inherit; background-color: var(--ast-global-color-4); color: var(--ast-global-color-3);\">Gracias por acompa\u00f1arnos en este momento decisivo. Con su apoyo, confi\u00f3 en que saldremos m\u00e1s fuertes, m\u00e1s resilientes y mejor preparados para cumplir con nuestra misi\u00f3n.<\/span><\/p><p><span style=\"font-style: inherit; font-weight: inherit; background-color: var(--ast-global-color-4); color: var(--ast-global-color-3);\">Atentamente,<\/span><\/p><p><span style=\"font-style: inherit; font-weight: inherit; background-color: var(--ast-global-color-4); color: var(--ast-global-color-3);\">Jerome Montgomery<br \/><\/span><span style=\"background-color: var(--ast-global-color-4); color: var(--ast-global-color-3); font-style: inherit; font-weight: inherit;\">Director Ejecutivo, Proyecto Vida<\/span><\/p>\t\t\t\t\t\t\t\t<\/div>\n\t\t\t\t<\/div>\n\t\t\t\t\t<\/div>\n\t\t<\/div>\n\t\t\t\t\t<\/div>\n\t\t<\/section>\n\t\t\t\t<section class=\"elementor-section elementor-top-section elementor-element elementor-element-948761d elementor-section-boxed elementor-section-height-default elementor-section-height-default\" data-id=\"948761d\" data-element_type=\"section\" data-e-type=\"section\">\n\t\t\t\t\t\t<div class=\"elementor-container elementor-column-gap-default\">\n\t\t\t\t\t<div class=\"elementor-column elementor-col-100 elementor-top-column elementor-element elementor-element-31788f8\" data-id=\"31788f8\" data-element_type=\"column\" data-e-type=\"column\">\n\t\t\t<div class=\"elementor-widget-wrap elementor-element-populated\">\n\t\t\t\t\t\t<div class=\"elementor-element elementor-element-45cc4e7 elementor-widget elementor-widget-text-editor\" data-id=\"45cc4e7\" data-element_type=\"widget\" data-e-type=\"widget\" data-widget_type=\"text-editor.default\">\n\t\t\t\t<div class=\"elementor-widget-container\">\n\t\t\t\t\t\t\t\t\t<p style=\"text-align: center;\"><i>Publicado el 01\/08\/2025<\/i><\/p>\t\t\t\t\t\t\t\t<\/div>\n\t\t\t\t<\/div>\n\t\t\t\t\t<\/div>\n\t\t<\/div>\n\t\t\t\t\t<\/div>\n\t\t<\/section>\n\t\t\t\t<\/div>","protected":false},"excerpt":{"rendered":"<p>Project Vida\u2019s Path Forward: Rebuilding and Renewing Together Dear Community Members,\u00a0 As the Executive Director of Project Vida, I want to share where we are as an organization, the challenges [&hellip;]<\/p>\n","protected":false},"author":7,"featured_media":0,"parent":0,"menu_order":0,"comment_status":"closed","ping_status":"closed","template":"","meta":{"site-sidebar-layout":"no-sidebar","site-content-layout":"page-builder","ast-site-content-layout":"full-width-container","site-content-style":"default","site-sidebar-style":"default","ast-global-header-display":"","ast-banner-title-visibility":"","ast-main-header-display":"","ast-hfb-above-header-display":"","ast-hfb-below-header-display":"","ast-hfb-mobile-header-display":"","site-post-title":"disabled","ast-breadcrumbs-content":"","ast-featured-img":"disabled","footer-sml-layout":"","ast-disable-related-posts":"","theme-transparent-header-meta":"","adv-header-id-meta":"","stick-header-meta":"","header-above-stick-meta":"","header-main-stick-meta":"","header-below-stick-meta":"","astra-migrate-meta-layouts":"set","ast-page-background-enabled":"default","ast-page-background-meta":{"desktop":{"background-color":"","background-image":"","background-repeat":"repeat","background-position":"center center","background-size":"auto","background-attachment":"scroll","background-type":"","background-media":"","overlay-type":"","overlay-color":"","overlay-opacity":"","overlay-gradient":""},"tablet":{"background-color":"","background-image":"","background-repeat":"repeat","background-position":"center center","background-size":"auto","background-attachment":"scroll","background-type":"","background-media":"","overlay-type":"","overlay-color":"","overlay-opacity":"","overlay-gradient":""},"mobile":{"background-color":"","background-image":"","background-repeat":"repeat","background-position":"center center","background-size":"auto","background-attachment":"scroll","background-type":"","background-media":"","overlay-type":"","overlay-color":"","overlay-opacity":"","overlay-gradient":""}},"ast-content-background-meta":{"desktop":{"background-color":"var(--ast-global-color-5)","background-image":"","background-repeat":"repeat","background-position":"center center","background-size":"auto","background-attachment":"scroll","background-type":"","background-media":"","overlay-type":"","overlay-color":"","overlay-opacity":"","overlay-gradient":""},"tablet":{"background-color":"var(--ast-global-color-5)","background-image":"","background-repeat":"repeat","background-position":"center center","background-size":"auto","background-attachment":"scroll","background-type":"","background-media":"","overlay-type":"","overlay-color":"","overlay-opacity":"","overlay-gradient":""},"mobile":{"background-color":"var(--ast-global-color-5)","background-image":"","background-repeat":"repeat","background-position":"center center","background-size":"auto","background-attachment":"scroll","background-type":"","background-media":"","overlay-type":"","overlay-color":"","overlay-opacity":"","overlay-gradient":""}},"footnotes":""},"class_list":["post-8348","page","type-page","status-publish","hentry"],"_links":{"self":[{"href":"https:\/\/projectvida.org\/es\/wp-json\/wp\/v2\/pages\/8348","targetHints":{"allow":["GET"]}}],"collection":[{"href":"https:\/\/projectvida.org\/es\/wp-json\/wp\/v2\/pages"}],"about":[{"href":"https:\/\/projectvida.org\/es\/wp-json\/wp\/v2\/types\/page"}],"author":[{"embeddable":true,"href":"https:\/\/projectvida.org\/es\/wp-json\/wp\/v2\/users\/7"}],"replies":[{"embeddable":true,"href":"https:\/\/projectvida.org\/es\/wp-json\/wp\/v2\/comments?post=8348"}],"version-history":[{"count":13,"href":"https:\/\/projectvida.org\/es\/wp-json\/wp\/v2\/pages\/8348\/revisions"}],"predecessor-version":[{"id":8369,"href":"https:\/\/projectvida.org\/es\/wp-json\/wp\/v2\/pages\/8348\/revisions\/8369"}],"wp:attachment":[{"href":"https:\/\/projectvida.org\/es\/wp-json\/wp\/v2\/media?parent=8348"}],"curies":[{"name":"gracias","href":"https:\/\/api.w.org\/{rel}","templated":true}]}}